{"id":263,"date":"2022-06-16T14:18:50","date_gmt":"2022-06-16T12:18:50","guid":{"rendered":"https:\/\/kontisped.cz\/home\/customs-services\/"},"modified":"2022-06-16T14:18:51","modified_gmt":"2022-06-16T12:18:51","slug":"customs-services","status":"publish","type":"page","link":"https:\/\/kontisped.cz\/en\/home\/customs-services\/","title":{"rendered":"Customs services"},"content":{"rendered":"\n\n\t<ul>\n\t\t<li><h3>Celn\u00ed slu\u017eby<\/h3><p>V r\u00e1mci celn\u00edch slu\u017eeb v DE poskytujeme<ul><li>Vystaven\u00ed doklad\u016f v re\u017eimu tranzit (T1) z kter\u00e9hokoliv celn\u00edho \u00fa\u0159adu v N\u011bmecku<\/li><li>Vystaven\u00ed doklad\u016f B-Nr. = doklad na p\u0159evoz zbo\u017e\u00ed po mo\u0159i p\u0159\u00edjemci<\/li><li>Verwahrerwechsel = doklad na p\u0159evoz zbo\u017e\u00ed z p\u0159\u00edstavi\u0161t\u011b na veterinu nebo fytokontrolu &#8211; Hamburg, Wilhelmshaven<\/li><li>Doklady A8, A15, A18 pro vykl\u00e1dku a nakl\u00e1dku v Hamburku<\/li><li>ZAPP (Hamburg, Bremerhaven, Wilhelmshaven)<\/li><\/ul>\u00a0D\u00e1le poskytujeme tranzitn\u00ed doklady T1 pro z\u00e1silky z Belgie a Nizozemska.\u00a0<\/p><ul><li>na kontejnery z p\u0159\u00edstav\u016f Zeebrugge, Antwerp, Rotterdam<\/li><li>na LCL z\u00e1silky ze sklad\u016f v p\u0159\u00edstavech<\/li><li>na kontejnery z vlakov\u00fdch termin\u00e1l\u016f Liege (Lutych), Tilburg<\/li><li>p\u0159etranzit leteck\u00fdch z\u00e1silek z leti\u0161\u0165 LGG (Liege), AMS (Amsterdam) do st\u00e1t\u016f EU<\/li><\/ul><\/li>\t<\/ul>\n\n","protected":false},"excerpt":{"rendered":"<p>Celn\u00ed slu\u017eby V r\u00e1mci celn\u00edch slu\u017eeb v DE poskytujeme Vystaven\u00ed doklad\u016f v re\u017eimu tranzit (T1) z kter\u00e9hokoliv celn\u00edho \u00fa\u0159adu v N\u011bmecku Vystaven\u00ed doklad\u016f B-Nr. = doklad na p\u0159evoz zbo\u017e\u00ed po mo\u0159i p\u0159\u00edjemci Verwahrerwechsel = doklad na p\u0159evoz zbo\u017e\u00ed z p\u0159\u00edstavi\u0161t\u011b na veterinu nebo fytokontrolu &#8211; Hamburg, Wilhelmshaven Doklady A8, A15, A18 pro vykl\u00e1dku a nakl\u00e1dku&hellip;<\/p>\n","protected":false},"author":512,"featured_media":0,"parent":223,"menu_order":5,"comment_status":"closed","ping_status":"closed","template":"","meta":{"footnotes":""},"class_list":["post-263","page","type-page","status-publish","hentry"],"yoast_head":"<title>Customs services - Kontisped<\/title>\n<meta name=\"robots\" content=\"index, follow, max-snippet:-1, max-image-preview:large, max-video-preview:-1\" \/>\n<link rel=\"canonical\" href=\"https:\/\/kontisped.cz\/en\/home\/customs-services\/\" \/>\n<meta property=\"og:locale\" content=\"en_US\" \/>\n<meta property=\"og:type\" content=\"article\" \/>\n<meta property=\"og:title\" content=\"Customs services - Kontisped\" \/>\n<meta property=\"og:description\" content=\"Celn\u00ed slu\u017eby V r\u00e1mci celn\u00edch slu\u017eeb v DE poskytujeme Vystaven\u00ed doklad\u016f v re\u017eimu tranzit (T1) z kter\u00e9hokoliv celn\u00edho \u00fa\u0159adu v N\u011bmecku Vystaven\u00ed doklad\u016f B-Nr. = doklad na p\u0159evoz zbo\u017e\u00ed po mo\u0159i p\u0159\u00edjemci Verwahrerwechsel = doklad na p\u0159evoz zbo\u017e\u00ed z p\u0159\u00edstavi\u0161t\u011b na veterinu nebo fytokontrolu &#8211; Hamburg, Wilhelmshaven Doklady A8, A15, A18 pro vykl\u00e1dku a nakl\u00e1dku&hellip;\" \/>\n<meta property=\"og:url\" content=\"https:\/\/kontisped.cz\/en\/home\/customs-services\/\" \/>\n<meta property=\"og:site_name\" content=\"Kontisped\" \/>\n<meta property=\"article:modified_time\" content=\"2022-06-16T12:18:51+00:00\" \/>\n<meta name=\"twitter:card\" content=\"summary_large_image\" \/>\n<meta name=\"twitter:label1\" content=\"Est. reading time\" \/>\n\t<meta name=\"twitter:data1\" content=\"1 minute\" \/>\n<script type=\"application\/ld+json\" class=\"yoast-schema-graph\">{\"@context\":\"https:\/\/schema.org\",\"@graph\":[{\"@type\":\"WebPage\",\"@id\":\"https:\/\/kontisped.cz\/en\/home\/customs-services\/\",\"url\":\"https:\/\/kontisped.cz\/en\/home\/customs-services\/\",\"name\":\"Customs services - Kontisped\",\"isPartOf\":{\"@id\":\"https:\/\/kontisped.cz\/#website\"},\"datePublished\":\"2022-06-16T12:18:50+00:00\",\"dateModified\":\"2022-06-16T12:18:51+00:00\",\"breadcrumb\":{\"@id\":\"https:\/\/kontisped.cz\/en\/home\/customs-services\/#breadcrumb\"},\"inLanguage\":\"en-US\",\"potentialAction\":[{\"@type\":\"ReadAction\",\"target\":[\"https:\/\/kontisped.cz\/en\/home\/customs-services\/\"]}]},{\"@type\":\"BreadcrumbList\",\"@id\":\"https:\/\/kontisped.cz\/en\/home\/customs-services\/#breadcrumb\",\"itemListElement\":[{\"@type\":\"ListItem\",\"position\":1,\"name\":\"Dom\u016f\",\"item\":\"https:\/\/kontisped.cz\/en\/\"},{\"@type\":\"ListItem\",\"position\":2,\"name\":\"Home\",\"item\":\"https:\/\/kontisped.cz\/en\/\"},{\"@type\":\"ListItem\",\"position\":3,\"name\":\"Customs services\"}]},{\"@type\":\"WebSite\",\"@id\":\"https:\/\/kontisped.cz\/#website\",\"url\":\"https:\/\/kontisped.cz\/\",\"name\":\"Kontisped\",\"description\":\"Dopravn\u00ed spole\u010dnost\",\"publisher\":{\"@id\":\"https:\/\/kontisped.cz\/#organization\"},\"potentialAction\":[{\"@type\":\"SearchAction\",\"target\":{\"@type\":\"EntryPoint\",\"urlTemplate\":\"https:\/\/kontisped.cz\/?s={search_term_string}\"},\"query-input\":\"required name=search_term_string\"}],\"inLanguage\":\"en-US\"},{\"@type\":\"Organization\",\"@id\":\"https:\/\/kontisped.cz\/#organization\",\"name\":\"Kontisped s.r.o.\",\"url\":\"https:\/\/kontisped.cz\/\",\"logo\":{\"@type\":\"ImageObject\",\"inLanguage\":\"en-US\",\"@id\":\"https:\/\/kontisped.cz\/#\/schema\/logo\/image\/\",\"url\":\"https:\/\/kontisped.cz\/assets\/uploads\/sites\/882\/2018\/04\/logo1.jpg\",\"contentUrl\":\"https:\/\/kontisped.cz\/assets\/uploads\/sites\/882\/2018\/04\/logo1.jpg\",\"width\":1076,\"height\":148,\"caption\":\"Kontisped s.r.o.\"},\"image\":{\"@id\":\"https:\/\/kontisped.cz\/#\/schema\/logo\/image\/\"},\"sameAs\":[\"https:\/\/www.linkedin.com\/company\/kontisped\"]}]}<\/script>","yoast_head_json":{"title":"Customs services - Kontisped","robots":{"index":"index","follow":"follow","max-snippet":"max-snippet:-1","max-image-preview":"max-image-preview:large","max-video-preview":"max-video-preview:-1"},"canonical":"https:\/\/kontisped.cz\/en\/home\/customs-services\/","og_locale":"en_US","og_type":"article","og_title":"Customs services - Kontisped","og_description":"Celn\u00ed slu\u017eby V r\u00e1mci celn\u00edch slu\u017eeb v DE poskytujeme Vystaven\u00ed doklad\u016f v re\u017eimu tranzit (T1) z kter\u00e9hokoliv celn\u00edho \u00fa\u0159adu v N\u011bmecku Vystaven\u00ed doklad\u016f B-Nr. = doklad na p\u0159evoz zbo\u017e\u00ed po mo\u0159i p\u0159\u00edjemci Verwahrerwechsel = doklad na p\u0159evoz zbo\u017e\u00ed z p\u0159\u00edstavi\u0161t\u011b na veterinu nebo fytokontrolu &#8211; Hamburg, Wilhelmshaven Doklady A8, A15, A18 pro vykl\u00e1dku a nakl\u00e1dku&hellip;","og_url":"https:\/\/kontisped.cz\/en\/home\/customs-services\/","og_site_name":"Kontisped","article_modified_time":"2022-06-16T12:18:51+00:00","twitter_card":"summary_large_image","twitter_misc":{"Est. reading time":"1 minute"},"schema":{"@context":"https:\/\/schema.org","@graph":[{"@type":"WebPage","@id":"https:\/\/kontisped.cz\/en\/home\/customs-services\/","url":"https:\/\/kontisped.cz\/en\/home\/customs-services\/","name":"Customs services - Kontisped","isPartOf":{"@id":"https:\/\/kontisped.cz\/#website"},"datePublished":"2022-06-16T12:18:50+00:00","dateModified":"2022-06-16T12:18:51+00:00","breadcrumb":{"@id":"https:\/\/kontisped.cz\/en\/home\/customs-services\/#breadcrumb"},"inLanguage":"en-US","potentialAction":[{"@type":"ReadAction","target":["https:\/\/kontisped.cz\/en\/home\/customs-services\/"]}]},{"@type":"BreadcrumbList","@id":"https:\/\/kontisped.cz\/en\/home\/customs-services\/#breadcrumb","itemListElement":[{"@type":"ListItem","position":1,"name":"Dom\u016f","item":"https:\/\/kontisped.cz\/en\/"},{"@type":"ListItem","position":2,"name":"Home","item":"https:\/\/kontisped.cz\/en\/"},{"@type":"ListItem","position":3,"name":"Customs services"}]},{"@type":"WebSite","@id":"https:\/\/kontisped.cz\/#website","url":"https:\/\/kontisped.cz\/","name":"Kontisped","description":"Dopravn\u00ed spole\u010dnost","publisher":{"@id":"https:\/\/kontisped.cz\/#organization"},"potentialAction":[{"@type":"SearchAction","target":{"@type":"EntryPoint","urlTemplate":"https:\/\/kontisped.cz\/?s={search_term_string}"},"query-input":"required name=search_term_string"}],"inLanguage":"en-US"},{"@type":"Organization","@id":"https:\/\/kontisped.cz\/#organization","name":"Kontisped s.r.o.","url":"https:\/\/kontisped.cz\/","logo":{"@type":"ImageObject","inLanguage":"en-US","@id":"https:\/\/kontisped.cz\/#\/schema\/logo\/image\/","url":"https:\/\/kontisped.cz\/assets\/uploads\/sites\/882\/2018\/04\/logo1.jpg","contentUrl":"https:\/\/kontisped.cz\/assets\/uploads\/sites\/882\/2018\/04\/logo1.jpg","width":1076,"height":148,"caption":"Kontisped s.r.o."},"image":{"@id":"https:\/\/kontisped.cz\/#\/schema\/logo\/image\/"},"sameAs":["https:\/\/www.linkedin.com\/company\/kontisped"]}]}},"_links":{"self":[{"href":"https:\/\/kontisped.cz\/en\/wp-json\/wp\/v2\/pages\/263","targetHints":{"allow":["GET"]}}],"collection":[{"href":"https:\/\/kontisped.cz\/en\/wp-json\/wp\/v2\/pages"}],"about":[{"href":"https:\/\/kontisped.cz\/en\/wp-json\/wp\/v2\/types\/page"}],"author":[{"embeddable":true,"href":"https:\/\/kontisped.cz\/en\/wp-json\/wp\/v2\/users\/512"}],"replies":[{"embeddable":true,"href":"https:\/\/kontisped.cz\/en\/wp-json\/wp\/v2\/comments?post=263"}],"version-history":[{"count":3,"href":"https:\/\/kontisped.cz\/en\/wp-json\/wp\/v2\/pages\/263\/revisions"}],"predecessor-version":[{"id":266,"href":"https:\/\/kontisped.cz\/en\/wp-json\/wp\/v2\/pages\/263\/revisions\/266"}],"up":[{"embeddable":true,"href":"https:\/\/kontisped.cz\/en\/wp-json\/wp\/v2\/pages\/223"}],"wp:attachment":[{"href":"https:\/\/kontisped.cz\/en\/wp-json\/wp\/v2\/media?parent=263"}],"curies":[{"name":"wp","href":"https:\/\/api.w.org\/{rel}","templated":true}]}}