{"id":255,"date":"2022-06-16T14:17:58","date_gmt":"2022-06-16T12:17:58","guid":{"rendered":"https:\/\/kontisped.cz\/home\/sea-container-transport\/"},"modified":"2022-06-16T14:17:59","modified_gmt":"2022-06-16T12:17:59","slug":"sea-container-transport","status":"publish","type":"page","link":"https:\/\/kontisped.cz\/en\/home\/sea-container-transport\/","title":{"rendered":"Sea container transport"},"content":{"rendered":"\n<h3>N\u00e1mo\u0159n\u00ed kontejnerov\u00e1 p\u0159eprava<\/h3>\t\t\t\n\t\t\t\t<p>text<\/p>\n","protected":false},"excerpt":{"rendered":"<p>N\u00e1mo\u0159n\u00ed kontejnerov\u00e1 p\u0159eprava text<\/p>\n","protected":false},"author":512,"featured_media":0,"parent":223,"menu_order":3,"comment_status":"closed","ping_status":"closed","template":"","meta":{"footnotes":""},"class_list":["post-255","page","type-page","status-publish","hentry"],"yoast_head":"<title>Sea container transport - Kontisped<\/title>\n<meta name=\"robots\" content=\"index, follow, max-snippet:-1, max-image-preview:large, max-video-preview:-1\" \/>\n<link rel=\"canonical\" href=\"https:\/\/kontisped.cz\/en\/home\/sea-container-transport\/\" \/>\n<meta property=\"og:locale\" content=\"en_US\" \/>\n<meta property=\"og:type\" content=\"article\" \/>\n<meta property=\"og:title\" content=\"Sea container transport - Kontisped\" \/>\n<meta property=\"og:description\" content=\"N\u00e1mo\u0159n\u00ed kontejnerov\u00e1 p\u0159eprava text\" \/>\n<meta property=\"og:url\" content=\"https:\/\/kontisped.cz\/en\/home\/sea-container-transport\/\" \/>\n<meta property=\"og:site_name\" content=\"Kontisped\" \/>\n<meta property=\"article:modified_time\" content=\"2022-06-16T12:17:59+00:00\" \/>\n<meta name=\"twitter:card\" content=\"summary_large_image\" \/>\n<script type=\"application\/ld+json\" class=\"yoast-schema-graph\">{\"@context\":\"https:\/\/schema.org\",\"@graph\":[{\"@type\":\"WebPage\",\"@id\":\"https:\/\/kontisped.cz\/en\/home\/sea-container-transport\/\",\"url\":\"https:\/\/kontisped.cz\/en\/home\/sea-container-transport\/\",\"name\":\"Sea container transport - Kontisped\",\"isPartOf\":{\"@id\":\"https:\/\/kontisped.cz\/#website\"},\"datePublished\":\"2022-06-16T12:17:58+00:00\",\"dateModified\":\"2022-06-16T12:17:59+00:00\",\"breadcrumb\":{\"@id\":\"https:\/\/kontisped.cz\/en\/home\/sea-container-transport\/#breadcrumb\"},\"inLanguage\":\"en-US\",\"potentialAction\":[{\"@type\":\"ReadAction\",\"target\":[\"https:\/\/kontisped.cz\/en\/home\/sea-container-transport\/\"]}]},{\"@type\":\"BreadcrumbList\",\"@id\":\"https:\/\/kontisped.cz\/en\/home\/sea-container-transport\/#breadcrumb\",\"itemListElement\":[{\"@type\":\"ListItem\",\"position\":1,\"name\":\"Dom\u016f\",\"item\":\"https:\/\/kontisped.cz\/en\/\"},{\"@type\":\"ListItem\",\"position\":2,\"name\":\"Home\",\"item\":\"https:\/\/kontisped.cz\/en\/\"},{\"@type\":\"ListItem\",\"position\":3,\"name\":\"Sea container transport\"}]},{\"@type\":\"WebSite\",\"@id\":\"https:\/\/kontisped.cz\/#website\",\"url\":\"https:\/\/kontisped.cz\/\",\"name\":\"Kontisped\",\"description\":\"Dopravn\u00ed spole\u010dnost\",\"publisher\":{\"@id\":\"https:\/\/kontisped.cz\/#organization\"},\"potentialAction\":[{\"@type\":\"SearchAction\",\"target\":{\"@type\":\"EntryPoint\",\"urlTemplate\":\"https:\/\/kontisped.cz\/?s={search_term_string}\"},\"query-input\":\"required name=search_term_string\"}],\"inLanguage\":\"en-US\"},{\"@type\":\"Organization\",\"@id\":\"https:\/\/kontisped.cz\/#organization\",\"name\":\"Kontisped s.r.o.\",\"url\":\"https:\/\/kontisped.cz\/\",\"logo\":{\"@type\":\"ImageObject\",\"inLanguage\":\"en-US\",\"@id\":\"https:\/\/kontisped.cz\/#\/schema\/logo\/image\/\",\"url\":\"https:\/\/kontisped.cz\/assets\/uploads\/sites\/882\/2018\/04\/logo1.jpg\",\"contentUrl\":\"https:\/\/kontisped.cz\/assets\/uploads\/sites\/882\/2018\/04\/logo1.jpg\",\"width\":1076,\"height\":148,\"caption\":\"Kontisped s.r.o.\"},\"image\":{\"@id\":\"https:\/\/kontisped.cz\/#\/schema\/logo\/image\/\"},\"sameAs\":[\"https:\/\/www.linkedin.com\/company\/kontisped\"]}]}<\/script>","yoast_head_json":{"title":"Sea container transport - Kontisped","robots":{"index":"index","follow":"follow","max-snippet":"max-snippet:-1","max-image-preview":"max-image-preview:large","max-video-preview":"max-video-preview:-1"},"canonical":"https:\/\/kontisped.cz\/en\/home\/sea-container-transport\/","og_locale":"en_US","og_type":"article","og_title":"Sea container transport - Kontisped","og_description":"N\u00e1mo\u0159n\u00ed kontejnerov\u00e1 p\u0159eprava text","og_url":"https:\/\/kontisped.cz\/en\/home\/sea-container-transport\/","og_site_name":"Kontisped","article_modified_time":"2022-06-16T12:17:59+00:00","twitter_card":"summary_large_image","schema":{"@context":"https:\/\/schema.org","@graph":[{"@type":"WebPage","@id":"https:\/\/kontisped.cz\/en\/home\/sea-container-transport\/","url":"https:\/\/kontisped.cz\/en\/home\/sea-container-transport\/","name":"Sea container transport - Kontisped","isPartOf":{"@id":"https:\/\/kontisped.cz\/#website"},"datePublished":"2022-06-16T12:17:58+00:00","dateModified":"2022-06-16T12:17:59+00:00","breadcrumb":{"@id":"https:\/\/kontisped.cz\/en\/home\/sea-container-transport\/#breadcrumb"},"inLanguage":"en-US","potentialAction":[{"@type":"ReadAction","target":["https:\/\/kontisped.cz\/en\/home\/sea-container-transport\/"]}]},{"@type":"BreadcrumbList","@id":"https:\/\/kontisped.cz\/en\/home\/sea-container-transport\/#breadcrumb","itemListElement":[{"@type":"ListItem","position":1,"name":"Dom\u016f","item":"https:\/\/kontisped.cz\/en\/"},{"@type":"ListItem","position":2,"name":"Home","item":"https:\/\/kontisped.cz\/en\/"},{"@type":"ListItem","position":3,"name":"Sea container transport"}]},{"@type":"WebSite","@id":"https:\/\/kontisped.cz\/#website","url":"https:\/\/kontisped.cz\/","name":"Kontisped","description":"Dopravn\u00ed spole\u010dnost","publisher":{"@id":"https:\/\/kontisped.cz\/#organization"},"potentialAction":[{"@type":"SearchAction","target":{"@type":"EntryPoint","urlTemplate":"https:\/\/kontisped.cz\/?s={search_term_string}"},"query-input":"required name=search_term_string"}],"inLanguage":"en-US"},{"@type":"Organization","@id":"https:\/\/kontisped.cz\/#organization","name":"Kontisped s.r.o.","url":"https:\/\/kontisped.cz\/","logo":{"@type":"ImageObject","inLanguage":"en-US","@id":"https:\/\/kontisped.cz\/#\/schema\/logo\/image\/","url":"https:\/\/kontisped.cz\/assets\/uploads\/sites\/882\/2018\/04\/logo1.jpg","contentUrl":"https:\/\/kontisped.cz\/assets\/uploads\/sites\/882\/2018\/04\/logo1.jpg","width":1076,"height":148,"caption":"Kontisped s.r.o."},"image":{"@id":"https:\/\/kontisped.cz\/#\/schema\/logo\/image\/"},"sameAs":["https:\/\/www.linkedin.com\/company\/kontisped"]}]}},"_links":{"self":[{"href":"https:\/\/kontisped.cz\/en\/wp-json\/wp\/v2\/pages\/255","targetHints":{"allow":["GET"]}}],"collection":[{"href":"https:\/\/kontisped.cz\/en\/wp-json\/wp\/v2\/pages"}],"about":[{"href":"https:\/\/kontisped.cz\/en\/wp-json\/wp\/v2\/types\/page"}],"author":[{"embeddable":true,"href":"https:\/\/kontisped.cz\/en\/wp-json\/wp\/v2\/users\/512"}],"replies":[{"embeddable":true,"href":"https:\/\/kontisped.cz\/en\/wp-json\/wp\/v2\/comments?post=255"}],"version-history":[{"count":3,"href":"https:\/\/kontisped.cz\/en\/wp-json\/wp\/v2\/pages\/255\/revisions"}],"predecessor-version":[{"id":258,"href":"https:\/\/kontisped.cz\/en\/wp-json\/wp\/v2\/pages\/255\/revisions\/258"}],"up":[{"embeddable":true,"href":"https:\/\/kontisped.cz\/en\/wp-json\/wp\/v2\/pages\/223"}],"wp:attachment":[{"href":"https:\/\/kontisped.cz\/en\/wp-json\/wp\/v2\/media?parent=255"}],"curies":[{"name":"wp","href":"https:\/\/api.w.org\/{rel}","templated":true}]}}