{"id":223,"date":"2022-06-16T11:05:19","date_gmt":"2022-06-16T09:05:19","guid":{"rendered":"https:\/\/kontisped.cz\/home\/"},"modified":"2022-06-16T15:20:57","modified_gmt":"2022-06-16T13:20:57","slug":"home","status":"publish","type":"page","link":"https:\/\/kontisped.cz\/en\/","title":{"rendered":"Home"},"content":{"rendered":"\n\n\t<h1>\n\t\t\t\tKontisped s.r.o.\n\t\t\t<\/h1>\n\t<h3>\n\t\t\t\tYour reliable transport partner<br \/>for more than 10 years!\n\t\t\t<\/h3>\n\t\t\t<a href=\"\/#poptavka\" target=\"_self\" role=\"button\" aria-label=\"Transport inquiry\" rel=\"noopener\">\n\t\t\t\t\t\t\tTransport inquiry\n\t\t<\/a>\n\t\t\t<a href=\"\/#sluzby\" target=\"_self\" role=\"button\" aria-label=\"Our services\" rel=\"noopener\">\n\t\t\t\t\t\t\tOur services\n\t\t<\/a>\n\t<h1>SERVICES<\/h1>\n\t<a href=\"kontisped.cz\/silnicni-preprava\" target=\"_self\" aria-label=\"Go to kontisped.cz\/silnicni-preprava\" rel=\"noopener\"><\/a>\n\t\t<h4>Road transport<\/h4>\n\t\t\t\t<p>We provide road transport of any shipments with our own vehicles.\u00a0<\/p>\n\t<a href=\"kontisped.cz\/namorni-preprava\" target=\"_self\" aria-label=\"Go to kontisped.cz\/namorni-preprava\" rel=\"noopener\"><\/a>\n\t\t<h4>Sea container transport<\/h4>\n\t\t\t\t<p>In cooperation with our partners we will provide you with a complete service related to sea container transport.\u00a0<\/p>\n\t<a href=\"kontisped.cz\/skladovani\" target=\"_self\" aria-label=\"Go to kontisped.cz\/skladovani\" rel=\"noopener\"><\/a>\n\t\t<h4>Storage<\/h4>\n\t\t\t\t<p>We have more than 2,000m\u00b2 of warehouse space on our premises.<\/p>\n\t<a href=\"kontisped.cz\/celni-sluzby\" target=\"_self\" aria-label=\"Go to kontisped.cz\/celni-sluzby\" rel=\"noopener\"><\/a>\n\t\t<h4>Customs services<\/h4>\n\t\t\t\t<p>We provide all customs services related to the import or export of goods to and from all over the world.<\/p>\n\t\t\t<h2>Why us?<\/h2>\n\t\t\t\t<img decoding=\"async\" src=\"http:\/\/kontisped.cz\/assets\/uploads\/sites\/882\/2018\/04\/procmy-300x169.jpg\" alt=\"procmy\" title=\"procmy\" \/>\n\t\t\t<h4>WE ARE HERE ESPECIALLY FOR YOU<\/h4>\t\t\t\n\t\t\t\t<p>Our biggest goal is customer satisfaction, so you won&#8217;t see rejection or bad communication with us.<\/p>\n\t\t\t<h4>WE ARE PROFESSIONALS<\/h4>\t\t\t\n\t\t\t\t<p>Our team consists of professionals with many years of experience in the field.<\/p>\n\t\t\t<h4>WE ARE A FAMILY BUSINESS<\/h4>\t\t\t\n\t\t\t\t<p>We maintain friendly relations with our customers. Our drivers don&#8217;t have numbers like other big companies, but we are friends with everyone.\u00a0<\/p>\n\t\t\t<h4>SERVIS ALMOST 24\/7<\/h4>\t\t\t\n\t\t\t\t<p>We are available almost 24 hours a day, seven days a week!\u00a0<\/p>\n\t\t\t<h6>HOW DOES IT WORK<\/h6><h2>Planning and realization<\/h2>\t\t\t\n\t\t\t\t<p>Pom\u016f\u017eeme V\u00e1m s napl\u00e1nov\u00e1n\u00edm a realizac\u00ed z\u00e1silky od popt\u00e1vky a\u017e po doru\u010den\u00ed.<\/p>\n\t<ul>\n\t\t<li>\t\t\t\t\n\t\t<h4>Order acceptance<\/h4><p>One of our dispatchers will offer you the best method of transport and enter your order into the system.<\/p><\/li><li>\t\t\t\t\n\t\t<h4>Communication with the sender<\/h4><p>Based on your information, we will contact the sender and select the most convenient pick-up date.<\/p><\/li><li>\t\t\t\t\n\t\t<h4>Pickup of shipment<\/h4><p>We will pick up the shipment on the minute at the agreed time.<\/p><\/li><li>\t\t\t\t\n\t\t<h4>Delivery to the recipient<\/h4><p>We deliver the parcel to you or your business partner at the agreed time.<\/p><\/li>\t<\/ul>\n\t\t\t<h2>N\u00c1\u0160 T\u00ddM<\/h2>\t\t\t\n\t\t\t\t<img decoding=\"async\" src=\"https:\/\/kontisped.cz\/assets\/uploads\/sites\/882\/bb-plugin\/cache\/boss-circle.png\" alt=\"boss\" title=\"boss\" \/>\n\t\t\t\t \n\t\t<h5>Libor \u0160karda<\/h5>Jednatel spole\u010dnostilibor.skarda@kontisped.cz<br \/>\n+420 777 677 262\t\t\t\t\t\n\t\t\t\t<img decoding=\"async\" src=\"https:\/\/kontisped.cz\/assets\/uploads\/sites\/882\/bb-plugin\/cache\/woman-circle.jpg\" alt=\"woman\" title=\"woman\" \/>\n\t\t\t\t \n\t\t<h5>Monika Lorencov\u00e1<\/h5>Vedouc\u00ed dispe\u010dinkumonika.lorencova@kontisped.cz<br \/>                   \n                       +420 770 111 051\t\t\t\t\t\n\t\t\t\t<img decoding=\"async\" src=\"https:\/\/kontisped.cz\/assets\/uploads\/sites\/882\/bb-plugin\/cache\/woman-circle.jpg\" alt=\"woman\" title=\"woman\" \/>\n\t\t\t\t \n\t\t<h5>Kate\u0159ina Va\u0148kov\u00e1<\/h5>Doprava, spedicekaterina.vankova@kontisped.cz<br \/>\n+420 737 898 605\t\t\t\t\t\n\t\t\t\t<img decoding=\"async\" src=\"https:\/\/kontisped.cz\/assets\/uploads\/sites\/882\/bb-plugin\/cache\/woman-circle.jpg\" alt=\"woman\" title=\"woman\" \/>\n\t\t\t\t \n\t\t<h5>Barbora S\u00e4cklov\u00e1<\/h5>Doprava, spedicebarbora.saecklova@kontisped.cz<br \/>\n+420 737 898 606\t\t\t\t\t\n\t\t\t\t<img decoding=\"async\" src=\"https:\/\/kontisped.cz\/assets\/uploads\/sites\/882\/bb-plugin\/cache\/woman-circle.jpg\" alt=\"woman\" title=\"woman\" \/>\n\t\t\t\t \n\t\t<h5>Martina Heinlov\u00e1<\/h5>Doprava, spedicemartina.heinlova@kontisped.cz<br \/>\n+420 727 910 722\t\t\t\t\t\n\t\t\t\t<img decoding=\"async\" src=\"https:\/\/kontisped.cz\/assets\/uploads\/sites\/882\/bb-plugin\/cache\/woman-circle.jpg\" alt=\"woman\" title=\"woman\" \/>\n\t\t\t\t \n\t\t<h5>Gisela Tauschov\u00e1<\/h5>Celn\u00ed slu\u017ebygisela.tauschova@kontisped.cz<br \/>\n+420 777 677 102<br \/>\n\t\t\t\t<img decoding=\"async\" src=\"https:\/\/kontisped.cz\/assets\/uploads\/sites\/882\/bb-plugin\/cache\/woman-circle.jpg\" alt=\"woman\" title=\"woman\" \/>\n\t\t\t\t \n\t\t<h5>Bohdana Hru\u0161kov\u00e1<\/h5>Celn\u00ed slu\u017ebybohdana.hruskova@kontisped.cz<br \/>\n+420 778 466 613<br \/>\n\t\t\t\t<img decoding=\"async\" src=\"https:\/\/kontisped.cz\/assets\/uploads\/sites\/882\/bb-plugin\/cache\/man-circle.png\" alt=\"man\" title=\"man\" \/>\n\t\t\t\t \n\t\t<h5>\u0160t\u011bp\u00e1n Joh\u00e1nek<\/h5>N\u00e1mo\u0159n\u00ed\/leteck\u00e1 doprava, celn\u00ed slu\u017ebystepan.johanek@kontisped.cz<br \/>\n+420 737 898 592<br \/>\n\t\t\t\t<img decoding=\"async\" src=\"https:\/\/kontisped.cz\/assets\/uploads\/sites\/882\/bb-plugin\/cache\/man-circle.png\" alt=\"man\" title=\"man\" \/>\n\t\t\t\t \n\t\t<h5>Pavel N\u011bme\u010dek<\/h5>Spr\u00e1vce are\u00e1lukontisped.ht@seznam.cz<br \/>\n+420 775 886 950\t\t\t\t\t\n\t\t\t\t<img decoding=\"async\" src=\"https:\/\/kontisped.cz\/assets\/uploads\/sites\/882\/bb-plugin\/cache\/woman-circle.jpg\" alt=\"woman\" title=\"woman\" \/>\n\t\t\t\t \n\t\t<h5>Veronika Stodolov\u00e1<\/h5>Fakturaceveronika.stodolova@kontisped.cz<br \/>\n+420 778 466 612\t\t\t\t\t\n\t\t\t\t<img decoding=\"async\" src=\"https:\/\/kontisped.cz\/assets\/uploads\/sites\/882\/bb-plugin\/cache\/woman-circle.jpg\" alt=\"woman\" title=\"woman\" \/>\n\t\t\t\t \n\t\t<h5>Petra Chl\u00e1pkov\u00e1<\/h5>\u00da\u010detn\u00edpetra.chlapkova@kontisped.cz <br \/>\n+420 731 524 198\t\t\t\t\t\n\t\t\t\t<img decoding=\"async\" src=\"https:\/\/kontisped.cz\/assets\/uploads\/sites\/882\/bb-plugin\/cache\/woman-circle.jpg\" alt=\"woman\" title=\"woman\" \/>\n\t\t\t\t \n\t\t<h5>\u0160\u00e1rka Rojtov\u00e1<\/h5>\u00da\u010detn\u00edsarka.rojtova@kontisped.cz <br \/>\n\t\t\t<h4>Hled\u00e1ta spolehliv\u00e9ho partnera pro logistiku?<\/h4><h2>Kontaktujte n\u00e1s!<\/h2>\t\t\t\n\t\t\t\t<p>Bezplatn\u011b pro V\u00e1s zpracujeme nab\u00eddku p\u0159epravy Va\u0161\u00ed z\u00e1silky.<\/p>\n\t<h1>KONTAKT<\/h1>\n\t\t<h4>Kontisped s.r.o.<\/h4>\t\t\t\n\t\t\t\t<p>Nad Rybn\u00ed\u010dkem 85<br \/>34601 Hor\u0161ovsk\u00fd T\u00fdn<br \/>I\u010c: 28058160<\/p>\n\t\t<h4>Telefon<\/h4>\t\t\t\n\t\t\t\t\n\t\t<h4>E-mail<\/h4>\t\t\t\n\t\t\t\t\n\n","protected":false},"excerpt":{"rendered":"<p>Kontisped s.r.o. Your reliable transport partnerfor more than 10 years! Transport inquiry Our services SERVICES Road transport We provide road transport of any shipments with our own vehicles.\u00a0 Sea container transport In cooperation with our partners we will provide you with a complete service related to sea container transport.\u00a0 Storage We have more than 2,000m\u00b2&hellip;<\/p>\n","protected":false},"author":512,"featured_media":0,"parent":0,"menu_order":0,"comment_status":"closed","ping_status":"closed","template":"","meta":{"footnotes":""},"class_list":["post-223","page","type-page","status-publish","hentry"],"yoast_head":"<title>Kontisped - Your reliable carrier<\/title>\n<meta name=\"description\" content=\"Transport company operating on the market for more than 10 years! With our own fleet and through reliable partners, we are able to provide optimal solutions.\" \/>\n<meta name=\"robots\" content=\"index, follow, max-snippet:-1, max-image-preview:large, max-video-preview:-1\" \/>\n<link rel=\"canonical\" href=\"https:\/\/kontisped.cz\/en\/\" \/>\n<meta property=\"og:locale\" content=\"en_US\" \/>\n<meta property=\"og:type\" content=\"article\" \/>\n<meta property=\"og:title\" content=\"Kontisped - Your reliable carrier\" \/>\n<meta property=\"og:description\" content=\"Transport company operating on the market for more than 10 years! With our own fleet and through reliable partners, we are able to provide optimal solutions.\" \/>\n<meta property=\"og:url\" content=\"https:\/\/kontisped.cz\/en\/\" \/>\n<meta property=\"og:site_name\" content=\"Kontisped\" \/>\n<meta property=\"article:modified_time\" content=\"2022-06-16T13:20:57+00:00\" \/>\n<meta property=\"og:image\" content=\"http:\/\/kontisped.cz\/assets\/uploads\/sites\/882\/2018\/04\/procmy-300x169.jpg\" \/>\n<meta name=\"twitter:card\" content=\"summary_large_image\" \/>\n<meta name=\"twitter:label1\" content=\"Est. reading time\" \/>\n\t<meta name=\"twitter:data1\" content=\"2 minutes\" \/>\n<script type=\"application\/ld+json\" class=\"yoast-schema-graph\">{\"@context\":\"https:\/\/schema.org\",\"@graph\":[{\"@type\":\"WebPage\",\"@id\":\"https:\/\/kontisped.cz\/en\/\",\"url\":\"https:\/\/kontisped.cz\/en\/\",\"name\":\"Kontisped - Your reliable carrier\",\"isPartOf\":{\"@id\":\"https:\/\/kontisped.cz\/#website\"},\"datePublished\":\"2022-06-16T09:05:19+00:00\",\"dateModified\":\"2022-06-16T13:20:57+00:00\",\"description\":\"Transport company operating on the market for more than 10 years! With our own fleet and through reliable partners, we are able to provide optimal solutions.\",\"breadcrumb\":{\"@id\":\"https:\/\/kontisped.cz\/en\/#breadcrumb\"},\"inLanguage\":\"en-US\",\"potentialAction\":[{\"@type\":\"ReadAction\",\"target\":[\"https:\/\/kontisped.cz\/en\/\"]}]},{\"@type\":\"BreadcrumbList\",\"@id\":\"https:\/\/kontisped.cz\/en\/#breadcrumb\",\"itemListElement\":[{\"@type\":\"ListItem\",\"position\":1,\"name\":\"Dom\u016f\",\"item\":\"https:\/\/kontisped.cz\/en\/\"},{\"@type\":\"ListItem\",\"position\":2,\"name\":\"Home\"}]},{\"@type\":\"WebSite\",\"@id\":\"https:\/\/kontisped.cz\/#website\",\"url\":\"https:\/\/kontisped.cz\/\",\"name\":\"Kontisped\",\"description\":\"Dopravn\u00ed spole\u010dnost\",\"publisher\":{\"@id\":\"https:\/\/kontisped.cz\/#organization\"},\"potentialAction\":[{\"@type\":\"SearchAction\",\"target\":{\"@type\":\"EntryPoint\",\"urlTemplate\":\"https:\/\/kontisped.cz\/?s={search_term_string}\"},\"query-input\":\"required name=search_term_string\"}],\"inLanguage\":\"en-US\"},{\"@type\":\"Organization\",\"@id\":\"https:\/\/kontisped.cz\/#organization\",\"name\":\"Kontisped s.r.o.\",\"url\":\"https:\/\/kontisped.cz\/\",\"logo\":{\"@type\":\"ImageObject\",\"inLanguage\":\"en-US\",\"@id\":\"https:\/\/kontisped.cz\/#\/schema\/logo\/image\/\",\"url\":\"https:\/\/kontisped.cz\/assets\/uploads\/sites\/882\/2018\/04\/logo1.jpg\",\"contentUrl\":\"https:\/\/kontisped.cz\/assets\/uploads\/sites\/882\/2018\/04\/logo1.jpg\",\"width\":1076,\"height\":148,\"caption\":\"Kontisped s.r.o.\"},\"image\":{\"@id\":\"https:\/\/kontisped.cz\/#\/schema\/logo\/image\/\"},\"sameAs\":[\"https:\/\/www.linkedin.com\/company\/kontisped\"]}]}<\/script>","yoast_head_json":{"title":"Kontisped - Your reliable carrier","description":"Transport company operating on the market for more than 10 years! With our own fleet and through reliable partners, we are able to provide optimal solutions.","robots":{"index":"index","follow":"follow","max-snippet":"max-snippet:-1","max-image-preview":"max-image-preview:large","max-video-preview":"max-video-preview:-1"},"canonical":"https:\/\/kontisped.cz\/en\/","og_locale":"en_US","og_type":"article","og_title":"Kontisped - Your reliable carrier","og_description":"Transport company operating on the market for more than 10 years! With our own fleet and through reliable partners, we are able to provide optimal solutions.","og_url":"https:\/\/kontisped.cz\/en\/","og_site_name":"Kontisped","article_modified_time":"2022-06-16T13:20:57+00:00","og_image":[{"url":"http:\/\/kontisped.cz\/assets\/uploads\/sites\/882\/2018\/04\/procmy-300x169.jpg"}],"twitter_card":"summary_large_image","twitter_misc":{"Est. reading time":"2 minutes"},"schema":{"@context":"https:\/\/schema.org","@graph":[{"@type":"WebPage","@id":"https:\/\/kontisped.cz\/en\/","url":"https:\/\/kontisped.cz\/en\/","name":"Kontisped - Your reliable carrier","isPartOf":{"@id":"https:\/\/kontisped.cz\/#website"},"datePublished":"2022-06-16T09:05:19+00:00","dateModified":"2022-06-16T13:20:57+00:00","description":"Transport company operating on the market for more than 10 years! With our own fleet and through reliable partners, we are able to provide optimal solutions.","breadcrumb":{"@id":"https:\/\/kontisped.cz\/en\/#breadcrumb"},"inLanguage":"en-US","potentialAction":[{"@type":"ReadAction","target":["https:\/\/kontisped.cz\/en\/"]}]},{"@type":"BreadcrumbList","@id":"https:\/\/kontisped.cz\/en\/#breadcrumb","itemListElement":[{"@type":"ListItem","position":1,"name":"Dom\u016f","item":"https:\/\/kontisped.cz\/en\/"},{"@type":"ListItem","position":2,"name":"Home"}]},{"@type":"WebSite","@id":"https:\/\/kontisped.cz\/#website","url":"https:\/\/kontisped.cz\/","name":"Kontisped","description":"Dopravn\u00ed spole\u010dnost","publisher":{"@id":"https:\/\/kontisped.cz\/#organization"},"potentialAction":[{"@type":"SearchAction","target":{"@type":"EntryPoint","urlTemplate":"https:\/\/kontisped.cz\/?s={search_term_string}"},"query-input":"required name=search_term_string"}],"inLanguage":"en-US"},{"@type":"Organization","@id":"https:\/\/kontisped.cz\/#organization","name":"Kontisped s.r.o.","url":"https:\/\/kontisped.cz\/","logo":{"@type":"ImageObject","inLanguage":"en-US","@id":"https:\/\/kontisped.cz\/#\/schema\/logo\/image\/","url":"https:\/\/kontisped.cz\/assets\/uploads\/sites\/882\/2018\/04\/logo1.jpg","contentUrl":"https:\/\/kontisped.cz\/assets\/uploads\/sites\/882\/2018\/04\/logo1.jpg","width":1076,"height":148,"caption":"Kontisped s.r.o."},"image":{"@id":"https:\/\/kontisped.cz\/#\/schema\/logo\/image\/"},"sameAs":["https:\/\/www.linkedin.com\/company\/kontisped"]}]}},"_links":{"self":[{"href":"https:\/\/kontisped.cz\/en\/wp-json\/wp\/v2\/pages\/223","targetHints":{"allow":["GET"]}}],"collection":[{"href":"https:\/\/kontisped.cz\/en\/wp-json\/wp\/v2\/pages"}],"about":[{"href":"https:\/\/kontisped.cz\/en\/wp-json\/wp\/v2\/types\/page"}],"author":[{"embeddable":true,"href":"https:\/\/kontisped.cz\/en\/wp-json\/wp\/v2\/users\/512"}],"replies":[{"embeddable":true,"href":"https:\/\/kontisped.cz\/en\/wp-json\/wp\/v2\/comments?post=223"}],"version-history":[{"count":6,"href":"https:\/\/kontisped.cz\/en\/wp-json\/wp\/v2\/pages\/223\/revisions"}],"predecessor-version":[{"id":288,"href":"https:\/\/kontisped.cz\/en\/wp-json\/wp\/v2\/pages\/223\/revisions\/288"}],"wp:attachment":[{"href":"https:\/\/kontisped.cz\/en\/wp-json\/wp\/v2\/media?parent=223"}],"curies":[{"name":"wp","href":"https:\/\/api.w.org\/{rel}","templated":true}]}}